{"id":936,"date":"2025-09-24T14:57:43","date_gmt":"2025-09-24T12:57:43","guid":{"rendered":"https:\/\/lainedebordeaux.fr\/?page_id=936"},"modified":"2025-09-24T15:14:46","modified_gmt":"2025-09-24T13:14:46","slug":"mentions-legales","status":"publish","type":"page","link":"https:\/\/lainedebordeaux.fr\/index.php\/mentions-legales\/","title":{"rendered":"Mentions l\u00e9gales"},"content":{"rendered":"\t\t<div data-elementor-type=\"wp-page\" data-elementor-id=\"936\" class=\"elementor elementor-936\">\n\t\t\t\t<div class=\"elementor-element elementor-element-80ce1dd e-flex e-con-boxed e-con e-parent\" data-id=\"80ce1dd\" data-element_type=\"container\" data-e-type=\"container\">\n\t\t\t\t\t<div class=\"e-con-inner\">\n\t\t\t\t<div class=\"elementor-element elementor-element-23d8b92 elementor-widget elementor-widget-text-editor\" data-id=\"23d8b92\" data-element_type=\"widget\" data-e-type=\"widget\" data-widget_type=\"text-editor.default\">\n\t\t\t\t<div class=\"elementor-widget-container\">\n\t\t\t\t\t\t\t\t\t<p><strong>\u00c9diteur du site :<\/strong><br \/>Laine de Bordeaux\u00a0<br \/>Alexandra DURAND<br \/>Micro-entreprise immatricul\u00e9e sous le num\u00e9ro SIRET : 53452222200031<br \/>Adresse du si\u00e8ge social : 33530 BASSENS<br \/>TVA non applicable, art. 293 B du CGI<br \/>Responsable de la publication : Alexandra DURAND<br \/>\ud83d\udce9 Contact : contact@lainedebordeaux.fr<\/p>\t\t\t\t\t\t\t\t<\/div>\n\t\t\t\t<\/div>\n\t\t\t\t\t<\/div>\n\t\t\t\t<\/div>\n\t\t<div class=\"elementor-element elementor-element-82645a8 e-flex e-con-boxed e-con e-parent\" data-id=\"82645a8\" data-element_type=\"container\" data-e-type=\"container\">\n\t\t\t\t\t<div class=\"e-con-inner\">\n\t\t\t\t<div class=\"elementor-element elementor-element-a8a0c25 elementor-widget elementor-widget-text-editor\" data-id=\"a8a0c25\" data-element_type=\"widget\" data-e-type=\"widget\" data-widget_type=\"text-editor.default\">\n\t\t\t\t<div class=\"elementor-widget-container\">\n\t\t\t\t\t\t\t\t\t<p><strong>H\u00e9bergement du site :<\/strong><br \/>OVH<br \/>RCS Lille M\u00e9tropole 424 761 419 00045<br \/>Code APE 2620Z<br \/>N\u00b0 TVA : FR 22 424 761 419<br \/>Si\u00e8ge social : 2 rue Kellermann &#8211; 59100 Roubaix &#8211; France<\/p>\t\t\t\t\t\t\t\t<\/div>\n\t\t\t\t<\/div>\n\t\t\t\t\t<\/div>\n\t\t\t\t<\/div>\n\t\t<div class=\"elementor-element elementor-element-5b824ae e-flex e-con-boxed e-con e-parent\" data-id=\"5b824ae\" data-element_type=\"container\" data-e-type=\"container\">\n\t\t\t\t\t<div class=\"e-con-inner\">\n\t\t\t\t<div class=\"elementor-element elementor-element-10d38b3 elementor-widget elementor-widget-text-editor\" data-id=\"10d38b3\" data-element_type=\"widget\" data-e-type=\"widget\" data-widget_type=\"text-editor.default\">\n\t\t\t\t<div class=\"elementor-widget-container\">\n\t\t\t\t\t\t\t\t\t<p><strong>Conditions d&rsquo;utilisations :<\/strong><\/p><p>Le site est accessible par l&rsquo;url : <a href=\"https:\/\/lainedebordeaux.fr\">lainedebordeaux.fr<\/a><br \/>Son utilisation est r\u00e9gie par les pr\u00e9sentes conditions g\u00e9n\u00e9rales. En utilisant le site, vous reconnaissez avoir pris connaissance de ces conditions et les avoir accept\u00e9es. Celles-ci pourront \u00eatre modifi\u00e9es \u00e0 tout moment et sans pr\u00e9avis par la soci\u00e9t\u00e9 LAINE DE BORDEAUX. <br \/>L&rsquo;entreprise LAINE DE BORDEAUX ne saurait \u00eatre tenue pour responsable en aucune mani\u00e8re d&rsquo;une mauvaise utilisation du service.<\/p><p><strong>Donn\u00e9es personnelles :<\/strong><br \/>Les informations collect\u00e9es sur ce site (formulaire de contact, newsletter) sont utilis\u00e9es uniquement dans le cadre de la relation commerciale.<br \/>Conform\u00e9ment \u00e0 la loi \u201cInformatique et Libert\u00e9s\u201d et au RGPD, vous disposez d\u2019un droit d\u2019acc\u00e8s, de rectification ou de suppression de vos donn\u00e9es \u00e0 tout moment en me contactant \u00e0 l\u2019adresse : contact@lainedebordeaux.fr.<br \/>Ce site peut utiliser des cookies \u00e0 des fins statistiques ou d\u2019am\u00e9lioration de navigation.<\/p><p><strong>Propri\u00e9t\u00e9 Intellectuelle<\/strong><\/p><p>Le contenu du site (textes, images, graphismes, logo, etc.) est la propri\u00e9t\u00e9 exclusive de LAINE DE BORDEAUX, sauf mention contraire. Toute reproduction, distribution, modification, adaptation, retransmission ou publication, m\u00eame partielle, de ces diff\u00e9rents \u00e9l\u00e9ments est strictement interdite sans l&rsquo;accord \u00e9crit pr\u00e9alable de LAINE DE BORDEAUX.<\/p><p><strong>Cookies<\/strong><\/p><p>Le site utilise des cookies pour am\u00e9liorer l&rsquo;exp\u00e9rience utilisateur, pour des mesures d\u2019audience et des fonctionnalit\u00e9s de partage sur les r\u00e9seaux sociaux. Vous pouvez param\u00e9trer votre navigateur pour refuser les cookies.<\/p><p><strong>Responsabilit\u00e9<\/strong><\/p><p>LAINE DE BORDEAUX s&rsquo;efforce de fournir sur le site des informations aussi pr\u00e9cises que possible. Cependant, Les p\u00e9tilles ne pourra \u00eatre tenue responsable des omissions, des inexactitudes et des carences dans la mise \u00e0 jour, qu&rsquo;elles soient de son fait ou du fait des tiers partenaires qui lui fournissent ces informations.<\/p><p><strong>Droit Applicable<\/strong><\/p><p>Les pr\u00e9sentes mentions l\u00e9gales sont r\u00e9gies par le droit fran\u00e7ais. En cas de litige, et apr\u00e8s tentative de recherche d&rsquo;une solution amiable, comp\u00e9tence expresse est attribu\u00e9e aux tribunaux fran\u00e7ais.<\/p><p><strong>Modification des Mentions L\u00e9gales<\/strong><\/p><p>LAINE DE BORDEAUX se r\u00e9serve le droit de modifier les pr\u00e9sentes mentions l\u00e9gales \u00e0 tout moment. L&rsquo;utilisateur est invit\u00e9 \u00e0 les consulter r\u00e9guli\u00e8rement afin de prendre connaissance de modifications \u00e9ventuelles.<\/p>\t\t\t\t\t\t\t\t<\/div>\n\t\t\t\t<\/div>\n\t\t\t\t\t<\/div>\n\t\t\t\t<\/div>\n\t\t\t\t<\/div>\n\t\t","protected":false},"excerpt":{"rendered":"<p>\u00c9diteur du site :Laine de Bordeaux\u00a0Alexandra DURANDMicro-entreprise immatricul\u00e9e sous le num\u00e9ro SIRET : 53452222200031Adresse du si\u00e8ge social : 33530 BASSENSTVA non applicable, art. 293 B du CGIResponsable de la publication &hellip; <\/p>\n<p class=\"link-more\"><a href=\"https:\/\/lainedebordeaux.fr\/index.php\/mentions-legales\/\" class=\"more-link\">Lire la suite de<span class=\"screen-reader-text\">\u00ab\u00a0Mentions l\u00e9gales\u00a0\u00bb<\/span><\/a><\/p>\n","protected":false},"author":1,"featured_media":0,"parent":0,"menu_order":0,"comment_status":"closed","ping_status":"closed","template":"","meta":{"inspiro_hide_title":false,"footnotes":""},"class_list":["post-936","page","type-page","status-publish","hentry"],"_links":{"self":[{"href":"https:\/\/lainedebordeaux.fr\/index.php\/wp-json\/wp\/v2\/pages\/936","targetHints":{"allow":["GET"]}}],"collection":[{"href":"https:\/\/lainedebordeaux.fr\/index.php\/wp-json\/wp\/v2\/pages"}],"about":[{"href":"https:\/\/lainedebordeaux.fr\/index.php\/wp-json\/wp\/v2\/types\/page"}],"author":[{"embeddable":true,"href":"https:\/\/lainedebordeaux.fr\/index.php\/wp-json\/wp\/v2\/users\/1"}],"replies":[{"embeddable":true,"href":"https:\/\/lainedebordeaux.fr\/index.php\/wp-json\/wp\/v2\/comments?post=936"}],"version-history":[{"count":10,"href":"https:\/\/lainedebordeaux.fr\/index.php\/wp-json\/wp\/v2\/pages\/936\/revisions"}],"predecessor-version":[{"id":947,"href":"https:\/\/lainedebordeaux.fr\/index.php\/wp-json\/wp\/v2\/pages\/936\/revisions\/947"}],"wp:attachment":[{"href":"https:\/\/lainedebordeaux.fr\/index.php\/wp-json\/wp\/v2\/media?parent=936"}],"curies":[{"name":"wp","href":"https:\/\/api.w.org\/{rel}","templated":true}]}}