{"id":8,"date":"2023-09-20T21:40:14","date_gmt":"2023-09-20T19:40:14","guid":{"rendered":"https:\/\/lainedebordeaux.fr\/?page_id=8"},"modified":"2026-01-09T10:11:23","modified_gmt":"2026-01-09T09:11:23","slug":"a-propos-de","status":"publish","type":"page","link":"https:\/\/lainedebordeaux.fr\/index.php\/a-propos-de\/","title":{"rendered":"A Propos &#8211; FAQ"},"content":{"rendered":"\t\t<div data-elementor-type=\"wp-page\" data-elementor-id=\"8\" class=\"elementor elementor-8\">\n\t\t\t\t<div class=\"elementor-element elementor-element-41ec1a0a e-flex e-con-boxed e-con e-parent\" data-id=\"41ec1a0a\" data-element_type=\"container\" data-e-type=\"container\">\n\t\t\t\t\t<div class=\"e-con-inner\">\n\t\t\t\t<div class=\"elementor-element elementor-element-26284544 elementor-widget elementor-widget-text-editor\" data-id=\"26284544\" data-element_type=\"widget\" data-e-type=\"widget\" data-widget_type=\"text-editor.default\">\n\t\t\t\t<div class=\"elementor-widget-container\">\n\t\t\t\t\t\t\t\t\t\n<p><span style=\"color: #333333;\">Laine de Bordeaux, c&rsquo;est la volont\u00e9 de r\u00e9unir les diff\u00e9rents acteurs de la laine pour concr\u00e9tiser le projet d&rsquo;une <strong>micro<\/strong>\u00a0<strong>filature artisanale<\/strong>.<\/span><br \/><span style=\"color: #333333;\">Pourquoi micro ? car le but est avant tout de r\u00e9pondre aux besoins du territoire en traitant des\u00a0<strong>petites quantit\u00e9s<\/strong>\u00a0de fibres animales (mouton landais, vend\u00e9en, etc&#8230;) en transformant la laine en fils, en nappe card\u00e9e pour le feutrage artisanale ou en plaque de feutre pour le paillage. <\/span><br \/><span style=\"color: #333333;\">En r\u00e9alisant toutes les \u00e9tapes du <strong>lavage jusqu&rsquo;au filage<\/strong> <strong>de vos toisons<\/strong>, la tra\u00e7abilit\u00e9 de laine est assur\u00e9e, que vous soyez \u00e9leveurs ou particuliers.<\/span><\/p>\n<p><span style=\"color: #333333;\"><\/span><\/p>\n<p><span style=\"color: #333333;\"><strong>L&rsquo;environnement<\/strong> \u00e9tant au c\u0153ur de nos pr\u00e9occupations, choisir des <strong>mati\u00e8res naturelles et durables<\/strong>\u00a0est un geste fort et militant.<\/span><\/p>\n<p><span style=\"color: #333333;\"><\/span><\/p>\n<p><span style=\"color: #333333;\">Choisir <strong>Laine de Bordeaux<\/strong>, c&rsquo;est concilier son engagement pour <strong>une \u00e9conomie locale et solidaire<\/strong>, tout en se faisant plaisir avec une laine de qualit\u00e9 et vari\u00e9e pour vos diff\u00e9rents projets tricot, crochet et feutrage.<\/span><\/p>\n<p><span style=\"color: #333333;\"><\/span><\/p>\n\t\t\t\t\t\t\t\t<\/div>\n\t\t\t\t<\/div>\n\t\t\t\t\t<\/div>\n\t\t\t\t<\/div>\n\t\t<div class=\"elementor-element elementor-element-b763147 e-flex e-con-boxed e-con e-parent\" data-id=\"b763147\" data-element_type=\"container\" data-e-type=\"container\">\n\t\t\t\t\t<div class=\"e-con-inner\">\n\t\t\t\t<div class=\"elementor-element elementor-element-49606ed elementor-widget elementor-widget-text-editor\" data-id=\"49606ed\" data-element_type=\"widget\" data-e-type=\"widget\" data-widget_type=\"text-editor.default\">\n\t\t\t\t<div class=\"elementor-widget-container\">\n\t\t\t\t\t\t\t\t\t<h2 class=\"wp-block-heading\"><span style=\"color: #333333;\">Nous y voil\u00e0<\/span><\/h2>\n<p><span style=\"color: #333333;\"><!-- \/wp:heading --><!-- wp:paragraph --><\/span><\/p>\n<p><span style=\"color: #333333;\">D&rsquo;une passion des arts textiles jusqu&rsquo;\u00e0 la concr\u00e9tisation du projet, venez suivre notre aventure dans les pr\u00e9s de Bordeaux \ud83d\ude09<\/span><\/p>\t\t\t\t\t\t\t\t<\/div>\n\t\t\t\t<\/div>\n\t\t\t\t<div class=\"elementor-element elementor-element-a682364 elementor-widget elementor-widget-image\" data-id=\"a682364\" data-element_type=\"widget\" data-e-type=\"widget\" data-widget_type=\"image.default\">\n\t\t\t\t<div class=\"elementor-widget-container\">\n\t\t\t\t\t\t\t\t\t\t\t\t\t\t\t<img fetchpriority=\"high\" decoding=\"async\" width=\"950\" height=\"617\" src=\"https:\/\/lainedebordeaux.fr\/wp-content\/uploads\/2023\/10\/DIY_laine-1024x665.png\" class=\"attachment-large size-large wp-image-45\" alt=\"\" srcset=\"https:\/\/lainedebordeaux.fr\/wp-content\/uploads\/2023\/10\/DIY_laine-1024x665.png 1024w, https:\/\/lainedebordeaux.fr\/wp-content\/uploads\/2023\/10\/DIY_laine-300x195.png 300w, https:\/\/lainedebordeaux.fr\/wp-content\/uploads\/2023\/10\/DIY_laine-768x499.png 768w, https:\/\/lainedebordeaux.fr\/wp-content\/uploads\/2023\/10\/DIY_laine-1536x998.png 1536w, https:\/\/lainedebordeaux.fr\/wp-content\/uploads\/2023\/10\/DIY_laine-2048x1331.png 2048w, https:\/\/lainedebordeaux.fr\/wp-content\/uploads\/2023\/10\/DIY_laine-2000x1300.png 2000w\" sizes=\"100vw\" \/>\t\t\t\t\t\t\t\t\t\t\t\t\t\t\t<\/div>\n\t\t\t\t<\/div>\n\t\t\t\t\t<\/div>\n\t\t\t\t<\/div>\n\t\t<div class=\"elementor-element elementor-element-5408b6c e-flex e-con-boxed e-con e-parent\" data-id=\"5408b6c\" data-element_type=\"container\" data-e-type=\"container\">\n\t\t\t\t\t<div class=\"e-con-inner\">\n\t\t\t\t<div class=\"elementor-element elementor-element-65797a2 elementor-widget elementor-widget-text-editor\" data-id=\"65797a2\" data-element_type=\"widget\" data-e-type=\"widget\" data-widget_type=\"text-editor.default\">\n\t\t\t\t<div class=\"elementor-widget-container\">\n\t\t\t\t\t\t\t\t\t<h2>Foire Aux Questions \u2013 Filage Artisanale de Laine<\/h2>\n<p><span style=\"color: #333333;\">Bienvenue dans notre espace d\u00e9di\u00e9 aux amoureux de la laine !<\/span><\/p>\n<p><span style=\"color: #333333;\">Cette FAQ a \u00e9t\u00e9 con\u00e7ue pour r\u00e9pondre aux questions les plus fr\u00e9quentes concernant notre activit\u00e9 de filage artisanale.<\/span><\/p>\n<p><span style=\"color: #333333;\">Que vous soyez \u00e9leveur, cr\u00e9ateur ou simplement curieux, vous trouverez ici toutes les informations n\u00e9cessaires pour nous contacter et pr\u00e9parer votre laine au mieux.<\/span><\/p>\t\t\t\t\t\t\t\t<\/div>\n\t\t\t\t<\/div>\n\t\t\t\t\t<\/div>\n\t\t\t\t<\/div>\n\t\t<div class=\"elementor-element elementor-element-7743b9b e-flex e-con-boxed e-con e-parent\" data-id=\"7743b9b\" data-element_type=\"container\" data-e-type=\"container\">\n\t\t\t\t\t<div class=\"e-con-inner\">\n\t\t<div class=\"elementor-element elementor-element-974c387 e-con-full e-flex e-con e-child\" data-id=\"974c387\" data-element_type=\"container\" data-e-type=\"container\">\n\t\t\t\t<div class=\"elementor-element elementor-element-8170271 elementor-widget elementor-widget-text-editor\" data-id=\"8170271\" data-element_type=\"widget\" data-e-type=\"widget\" data-widget_type=\"text-editor.default\">\n\t\t\t\t<div class=\"elementor-widget-container\">\n\t\t\t\t\t\t\t\t\t<h3>\ud83d\udc11 Quels types de laine acceptez-vous ?<\/h3>\t\t\t\t\t\t\t\t<\/div>\n\t\t\t\t<\/div>\n\t\t\t\t<\/div>\n\t\t<div class=\"elementor-element elementor-element-01856b9 e-con-full e-flex e-con e-child\" data-id=\"01856b9\" data-element_type=\"container\" data-e-type=\"container\">\n\t\t\t\t<div class=\"elementor-element elementor-element-c66d2b1 elementor-widget elementor-widget-text-editor\" data-id=\"c66d2b1\" data-element_type=\"widget\" data-e-type=\"widget\" data-widget_type=\"text-editor.default\">\n\t\t\t\t<div class=\"elementor-widget-container\">\n\t\t\t\t\t\t\t\t\t<p style=\"text-align: left;\"><span style=\"color: #333333;\">Nous travaillons principalement avec la laine de mouton issu de Gironde.<\/span><br \/><span style=\"color: #333333;\">Pensez \u00e0 pr\u00e9ciser la race de vos moutons si possible.<\/span><\/p>\n<p style=\"text-align: left;\"><span style=\"color: #333333;\">Nous travaillons \u00e9galement sur demande de la laine d&rsquo;alpaga, cachemire, mohair.<\/span><\/p>\n<p style=\"text-align: left;\"><span style=\"color: #333333;\">\ud83d\udc49 La laine doit \u00eatre <strong>tri\u00e9e<\/strong>, <strong>propre<\/strong>, et <strong>exempte de parasites et de mites.<\/strong><\/span><\/p>\t\t\t\t\t\t\t\t<\/div>\n\t\t\t\t<\/div>\n\t\t\t\t<\/div>\n\t\t\t\t\t<\/div>\n\t\t\t\t<\/div>\n\t\t<div class=\"elementor-element elementor-element-ae2cd5e e-flex e-con-boxed e-con e-parent\" data-id=\"ae2cd5e\" data-element_type=\"container\" data-e-type=\"container\">\n\t\t\t\t\t<div class=\"e-con-inner\">\n\t\t<div class=\"elementor-element elementor-element-17a4f52 e-con-full e-flex e-con e-child\" data-id=\"17a4f52\" data-element_type=\"container\" data-e-type=\"container\">\n\t\t\t\t<div class=\"elementor-element elementor-element-6260d62 elementor-widget elementor-widget-text-editor\" data-id=\"6260d62\" data-element_type=\"widget\" data-e-type=\"widget\" data-widget_type=\"text-editor.default\">\n\t\t\t\t<div class=\"elementor-widget-container\">\n\t\t\t\t\t\t\t\t\t<h3>Quels sont les crit\u00e8res d\u2019\u00e9ligibilit\u00e9 pour la transformation ?<\/h3>\t\t\t\t\t\t\t\t<\/div>\n\t\t\t\t<\/div>\n\t\t\t\t<\/div>\n\t\t<div class=\"elementor-element elementor-element-ba6eb61 e-con-full e-flex e-con e-child\" data-id=\"ba6eb61\" data-element_type=\"container\" data-e-type=\"container\">\n\t\t\t\t<div class=\"elementor-element elementor-element-50821a0 elementor-widget elementor-widget-text-editor\" data-id=\"50821a0\" data-element_type=\"widget\" data-e-type=\"widget\" data-widget_type=\"text-editor.default\">\n\t\t\t\t<div class=\"elementor-widget-container\">\n\t\t\t\t\t\t\t\t\t<p><span style=\"color: #333333;\">Pour garantir un filage de qualit\u00e9, votre laine doit :<\/span><\/p>\n<ul>\n<li><span style=\"color: #333333;\">\u00catre <strong>exempte de paille, crottes, poussi\u00e8re excessive<\/strong><\/span><\/li>\n<li><span style=\"color: #333333;\">Avoir une <strong>longueur de fibre minimale de 6 cm<\/strong><\/span><\/li>\n<li><span style=\"color: #333333;\"><strong>Ne pas \u00eatre feutr\u00e9e ou trop cassante<\/strong><\/span><\/li>\n<li><span style=\"text-decoration: underline; color: #333333;\">Ne pas \u00eatre parasit\u00e9e (tique, poux, etc&#8230;) et en pas pr\u00e9senter de d\u00e9g\u00e2ts de mites\u00a0 ou de pr\u00e9sence de mites.<\/span><\/li>\n<\/ul>\n<p>\ud83d\udca1 <em>Astuce :<\/em><br \/><em>Un tri soigneux avant l\u2019envoi permet d\u2019optimiser le rendement et la qualit\u00e9 du fil.<\/em><\/p>\t\t\t\t\t\t\t\t<\/div>\n\t\t\t\t<\/div>\n\t\t\t\t<\/div>\n\t\t\t\t\t<\/div>\n\t\t\t\t<\/div>\n\t\t<div class=\"elementor-element elementor-element-262bd44 e-flex e-con-boxed e-con e-parent\" data-id=\"262bd44\" data-element_type=\"container\" data-e-type=\"container\">\n\t\t\t\t\t<div class=\"e-con-inner\">\n\t\t<div class=\"elementor-element elementor-element-b5eaeaf e-con-full e-flex e-con e-child\" data-id=\"b5eaeaf\" data-element_type=\"container\" data-e-type=\"container\">\n\t\t\t\t<div class=\"elementor-element elementor-element-d7971f1 elementor-widget elementor-widget-text-editor\" data-id=\"d7971f1\" data-element_type=\"widget\" data-e-type=\"widget\" data-widget_type=\"text-editor.default\">\n\t\t\t\t<div class=\"elementor-widget-container\">\n\t\t\t\t\t\t\t\t\t<h3>\ud83e\uddf5 Quels types de fils proposez-vous ?<\/h3>\t\t\t\t\t\t\t\t<\/div>\n\t\t\t\t<\/div>\n\t\t\t\t<\/div>\n\t\t<div class=\"elementor-element elementor-element-9b5b65c e-con-full e-flex e-con e-child\" data-id=\"9b5b65c\" data-element_type=\"container\" data-e-type=\"container\">\n\t\t\t\t<div class=\"elementor-element elementor-element-6b9d939 elementor-widget elementor-widget-text-editor\" data-id=\"6b9d939\" data-element_type=\"widget\" data-e-type=\"widget\" data-widget_type=\"text-editor.default\">\n\t\t\t\t<div class=\"elementor-widget-container\">\n\t\t\t\t\t\t\t\t\t<p><span style=\"color: #333333;\">Nous proposons :<\/span><\/p>\n<ul>\n<li><span style=\"color: #333333;\">Fil card\u00e9<\/span><\/li>\n<li><span style=\"color: #333333;\">Fil simple ou retordu<\/span><\/li>\n<li><span style=\"color: #333333;\">Diff\u00e9rentes \u00e9paisseurs (Worsted\/Aran ou Bulky)<\/span><\/li>\n<li><span style=\"color: #333333;\">Teinture naturelle sur demande<\/span><\/li>\n<\/ul>\n<p><span style=\"color: #333333;\">Chaque fil est unique, issu d\u2019un savoir-faire artisanal et respectueux de la fibre.<\/span><\/p>\t\t\t\t\t\t\t\t<\/div>\n\t\t\t\t<\/div>\n\t\t\t\t<\/div>\n\t\t\t\t\t<\/div>\n\t\t\t\t<\/div>\n\t\t<div class=\"elementor-element elementor-element-49df059 e-flex e-con-boxed e-con e-parent\" data-id=\"49df059\" data-element_type=\"container\" data-e-type=\"container\">\n\t\t\t\t\t<div class=\"e-con-inner\">\n\t\t<div class=\"elementor-element elementor-element-f3cf3bf e-con-full e-flex e-con e-child\" data-id=\"f3cf3bf\" data-element_type=\"container\" data-e-type=\"container\">\n\t\t\t\t<div class=\"elementor-element elementor-element-ff7793b elementor-widget elementor-widget-text-editor\" data-id=\"ff7793b\" data-element_type=\"widget\" data-e-type=\"widget\" data-widget_type=\"text-editor.default\">\n\t\t\t\t<div class=\"elementor-widget-container\">\n\t\t\t\t\t\t\t\t\t<h3>Quels sont les tarifs ?<\/h3>\t\t\t\t\t\t\t\t<\/div>\n\t\t\t\t<\/div>\n\t\t\t\t<\/div>\n\t\t<div class=\"elementor-element elementor-element-087cb1b e-con-full e-flex e-con e-child\" data-id=\"087cb1b\" data-element_type=\"container\" data-e-type=\"container\">\n\t\t\t\t<div class=\"elementor-element elementor-element-2ce659b elementor-widget elementor-widget-text-editor\" data-id=\"2ce659b\" data-element_type=\"widget\" data-e-type=\"widget\" data-widget_type=\"text-editor.default\">\n\t\t\t\t<div class=\"elementor-widget-container\">\n\t\t\t\t\t\t\t\t\t<p><span style=\"color: #333333;\">Les tarifs d\u00e9pendent :<\/span><\/p>\n<ul>\n<li><span style=\"color: #333333;\">Du type de fibre<\/span><\/li>\n<li><span style=\"color: #333333;\">Du poids \u00e0 traiter<\/span><\/li>\n<li><span style=\"color: #333333;\">Des finitions souhait\u00e9es (teinture, retordage, etc.)<\/span><\/li>\n<\/ul>\n<p><span style=\"color: #333333;\">Un devis personnalis\u00e9 vous sera propos\u00e9 apr\u00e8s r\u00e9ception et \u00e9valuation de votre laine.<\/span><\/p>\n<p><span style=\"color: #333333;\">\ud83c\udfaf <strong>Certaines prestations sp\u00e9cifiques (teinture, filage, finitions techniques) sont r\u00e9serv\u00e9es aux professionnels ou aux structures disposant d\u2019un num\u00e9ro SIRET.<br \/><\/strong>N\u2019h\u00e9sitez pas \u00e0 nous contacter pour en savoir plus.<\/span><\/p>\t\t\t\t\t\t\t\t<\/div>\n\t\t\t\t<\/div>\n\t\t\t\t<\/div>\n\t\t\t\t\t<\/div>\n\t\t\t\t<\/div>\n\t\t<div class=\"elementor-element elementor-element-9a41157 e-flex e-con-boxed e-con e-parent\" data-id=\"9a41157\" data-element_type=\"container\" data-e-type=\"container\">\n\t\t\t\t\t<div class=\"e-con-inner\">\n\t\t<div class=\"elementor-element elementor-element-ca6f3cd e-con-full e-flex e-con e-child\" data-id=\"ca6f3cd\" data-element_type=\"container\" data-e-type=\"container\">\n\t\t\t\t<div class=\"elementor-element elementor-element-8a16d8a elementor-widget elementor-widget-text-editor\" data-id=\"8a16d8a\" data-element_type=\"widget\" data-e-type=\"widget\" data-widget_type=\"text-editor.default\">\n\t\t\t\t<div class=\"elementor-widget-container\">\n\t\t\t\t\t\t\t\t\t<h2>Accompagnement &amp; conseils<\/h2>\t\t\t\t\t\t\t\t<\/div>\n\t\t\t\t<\/div>\n\t\t\t\t<\/div>\n\t\t<div class=\"elementor-element elementor-element-51e6a5b e-con-full e-flex e-con e-child\" data-id=\"51e6a5b\" data-element_type=\"container\" data-e-type=\"container\">\n\t\t\t\t<div class=\"elementor-element elementor-element-ae9389c elementor-widget elementor-widget-text-editor\" data-id=\"ae9389c\" data-element_type=\"widget\" data-e-type=\"widget\" data-widget_type=\"text-editor.default\">\n\t\t\t\t<div class=\"elementor-widget-container\">\n\t\t\t\t\t\t\t\t\t<p><span style=\"color: #333333;\">Nous sommes ravis de vous guider que vous soyez une entreprise, association ou collectivit\u00e9 territoriale sur :<\/span><\/p>\n<p><span style=\"color: #333333;\">&#8211; Des suggestions de projets adapt\u00e9s \u00e0 votre laine<\/span><\/p>\n<p><span style=\"color: #333333;\">&#8211; Des Ateliers et rencontres (selon la saison) pour faire d\u00e9couvrir l&rsquo;univers de la laine.<\/span><\/p>\n<p>\ud83d\udc49 <span style=\"color: #333333;\">Pensez \u00e0 nous contacter au minimum 2 mois \u00e0 l&rsquo;avance pour r\u00e9server votre projet<\/span><\/p>\t\t\t\t\t\t\t\t<\/div>\n\t\t\t\t<\/div>\n\t\t\t\t<\/div>\n\t\t\t\t\t<\/div>\n\t\t\t\t<\/div>\n\t\t<div class=\"elementor-element elementor-element-2b1e615 e-flex e-con-boxed e-con e-parent\" data-id=\"2b1e615\" data-element_type=\"container\" data-e-type=\"container\">\n\t\t\t\t\t<div class=\"e-con-inner\">\n\t\t<div class=\"elementor-element elementor-element-f4948f2 e-con-full e-flex e-con e-child\" data-id=\"f4948f2\" data-element_type=\"container\" data-e-type=\"container\">\n\t\t\t\t<div class=\"elementor-element elementor-element-7764d35 elementor-widget elementor-widget-text-editor\" data-id=\"7764d35\" data-element_type=\"widget\" data-e-type=\"widget\" data-widget_type=\"text-editor.default\">\n\t\t\t\t<div class=\"elementor-widget-container\">\n\t\t\t\t\t\t\t\t\t<h2>Comment nous contacter ?<\/h2>\t\t\t\t\t\t\t\t<\/div>\n\t\t\t\t<\/div>\n\t\t\t\t<\/div>\n\t\t<div class=\"elementor-element elementor-element-12b881b e-con-full e-flex e-con e-child\" data-id=\"12b881b\" data-element_type=\"container\" data-e-type=\"container\">\n\t\t\t\t<div class=\"elementor-element elementor-element-07f6745 elementor-widget elementor-widget-text-editor\" data-id=\"07f6745\" data-element_type=\"widget\" data-e-type=\"widget\" data-widget_type=\"text-editor.default\">\n\t\t\t\t<div class=\"elementor-widget-container\">\n\t\t\t\t\t\t\t\t\t<p><span style=\"color: #333333;\">Vous pouvez nous joindre via :<\/span><\/p>\n<p><span style=\"color: #333333;\"><strong>R\u00e9seaux sociaux<\/strong> : <a href=\"https:\/\/www.instagram.com\/lainedebordeaux\" target=\"_blank\" rel=\"noopener\">Instagram<\/a><\/span><\/p>\n<p><span style=\"color: #333333;\"><strong>Formulaire de contact<\/strong> : <a href=\"https:\/\/lainedebordeaux.fr\/index.php\/contact\/\" target=\"_blank\" rel=\"noopener\">ici<\/a><\/span><\/p>\n<p><span style=\"color: #333333;\">N\u2019h\u00e9sitez pas \u00e0 nous envoyer des photos ou des pr\u00e9cisions sur votre laine.<\/span><\/p>\t\t\t\t\t\t\t\t<\/div>\n\t\t\t\t<\/div>\n\t\t\t\t<\/div>\n\t\t\t\t\t<\/div>\n\t\t\t\t<\/div>\n\t\t\t\t<\/div>\n\t\t","protected":false},"excerpt":{"rendered":"<p>This is a page\/post excerpt text. <a href=\"http:\/\/easycaptures.com\/fs\/uploaded\/1105\/7384447174.jpg\">How to edit excerpt field content?<\/a><\/p>\n","protected":false},"author":1,"featured_media":0,"parent":0,"menu_order":0,"comment_status":"closed","ping_status":"closed","template":"","meta":{"inspiro_hide_title":false,"footnotes":""},"class_list":["post-8","page","type-page","status-publish","hentry"],"_links":{"self":[{"href":"https:\/\/lainedebordeaux.fr\/index.php\/wp-json\/wp\/v2\/pages\/8","targetHints":{"allow":["GET"]}}],"collection":[{"href":"https:\/\/lainedebordeaux.fr\/index.php\/wp-json\/wp\/v2\/pages"}],"about":[{"href":"https:\/\/lainedebordeaux.fr\/index.php\/wp-json\/wp\/v2\/types\/page"}],"author":[{"embeddable":true,"href":"https:\/\/lainedebordeaux.fr\/index.php\/wp-json\/wp\/v2\/users\/1"}],"replies":[{"embeddable":true,"href":"https:\/\/lainedebordeaux.fr\/index.php\/wp-json\/wp\/v2\/comments?post=8"}],"version-history":[{"count":30,"href":"https:\/\/lainedebordeaux.fr\/index.php\/wp-json\/wp\/v2\/pages\/8\/revisions"}],"predecessor-version":[{"id":992,"href":"https:\/\/lainedebordeaux.fr\/index.php\/wp-json\/wp\/v2\/pages\/8\/revisions\/992"}],"wp:attachment":[{"href":"https:\/\/lainedebordeaux.fr\/index.php\/wp-json\/wp\/v2\/media?parent=8"}],"curies":[{"name":"wp","href":"https:\/\/api.w.org\/{rel}","templated":true}]}}